{"id":179,"date":"2025-10-23T01:23:34","date_gmt":"2025-10-23T01:23:34","guid":{"rendered":"https:\/\/lanthanh.sgi.edu.vn\/?post_type=product&#038;p=179"},"modified":"2025-11-23T03:19:57","modified_gmt":"2025-11-23T03:19:57","slug":"bap-cai-xanh","status":"publish","type":"product","link":"https:\/\/lanthanh.sgi.edu.vn\/index.php\/san-pham\/bap-cai-xanh\/","title":{"rendered":"B\u1eaeP C\u1ea2I XANH"},"content":{"rendered":"<p>NHI\u1ec0U L\u00c1, M\u00c0U \u0110\u1eacM T\u1ef0 NHI\u00caN<\/p>\n","protected":false},"excerpt":{"rendered":"<p>NHI\u1ec0U L\u00c1, M\u00c0U \u0110\u1eacM T\u1ef0 NHI\u00caN<\/p>\n","protected":false},"featured_media":181,"comment_status":"open","ping_status":"closed","template":"","meta":[],"product_brand":[],"product_cat":[16],"product_tag":[23],"class_list":{"0":"post-179","1":"product","2":"type-product","3":"status-publish","4":"has-post-thumbnail","6":"product_cat-chua-phan-loai","7":"product_tag-thuc-pham","9":"first","10":"instock","11":"taxable","12":"shipping-taxable","13":"purchasable","14":"product-type-simple"},"_links":{"self":[{"href":"https:\/\/lanthanh.sgi.edu.vn\/index.php\/wp-json\/wp\/v2\/product\/179","targetHints":{"allow":["GET"]}}],"collection":[{"href":"https:\/\/lanthanh.sgi.edu.vn\/index.php\/wp-json\/wp\/v2\/product"}],"about":[{"href":"https:\/\/lanthanh.sgi.edu.vn\/index.php\/wp-json\/wp\/v2\/types\/product"}],"replies":[{"embeddable":true,"href":"https:\/\/lanthanh.sgi.edu.vn\/index.php\/wp-json\/wp\/v2\/comments?post=179"}],"wp:featuredmedia":[{"embeddable":true,"href":"https:\/\/lanthanh.sgi.edu.vn\/index.php\/wp-json\/wp\/v2\/media\/181"}],"wp:attachment":[{"href":"https:\/\/lanthanh.sgi.edu.vn\/index.php\/wp-json\/wp\/v2\/media?parent=179"}],"wp:term":[{"taxonomy":"product_brand","embeddable":true,"href":"https:\/\/lanthanh.sgi.edu.vn\/index.php\/wp-json\/wp\/v2\/product_brand?post=179"},{"taxonomy":"product_cat","embeddable":true,"href":"https:\/\/lanthanh.sgi.edu.vn\/index.php\/wp-json\/wp\/v2\/product_cat?post=179"},{"taxonomy":"product_tag","embeddable":true,"href":"https:\/\/lanthanh.sgi.edu.vn\/index.php\/wp-json\/wp\/v2\/product_tag?post=179"}],"curies":[{"name":"wp","href":"https:\/\/api.w.org\/{rel}","templated":true}]}}